{"id":9908,"date":"2016-09-23T12:36:07","date_gmt":"2016-09-23T10:36:07","guid":{"rendered":"https:\/\/taxis-morocco.com\/?page_id=9908"},"modified":"2024-05-20T21:36:36","modified_gmt":"2024-05-20T19:36:36","slug":"taxi-essaouira-marrakech-ciudad-o-aeropuerto-solo-50e","status":"publish","type":"page","link":"https:\/\/taxis-morocco.com\/es\/taxi-essaouira-marrakech-ciudad-o-aeropuerto-solo-50e\/","title":{"rendered":"Taxi Essaouira Marrakech Ciudad o Aeropuerto Solo 50\u20ac"},"content":{"rendered":"<div class=\"wpb-content-wrapper\"><p>[vc_row][vc_column][vc_column_text css=\u00bb\u00bb]<\/p>\n<h3 style=\"text-align: center;\"><span style=\"color: #ff9900;\"> RESERVAR TAXI ESSAOUIRA A MARRAKECH<\/span><\/h3>\n<h4>\u00a0<strong>\u00bfNecesitas un taxi en Essaouira a Marrakech? <\/strong><\/h4>\n<h5><span style=\"color: #333300;\"><strong>Aeropuerto de Essaouira a Marrakech\u00a0(todas las zonas) desde 60 \u20ac \u00a0<a title=\"Taxi Marrakech Essaouira\" href=\"https:\/\/taxis-morocco.com\/wp-content\/uploads\/2016\/11\/special-offers.gif\"><img loading=\"lazy\" decoding=\"async\" class=\"wp-image-142 alignleft\" src=\"https:\/\/taxis-morocco.com\/wp-content\/uploads\/2016 \/11\/special-offers.gif\" alt=\"Taxi Marrakech Essaouira ofertas especiales\" width=\"98\" height=\"80\" \/><\/a><\/strong><\/span><\/h5>\n<p>&nbsp;<\/p>\n<p>\u00danase a nuestra oferta limitada: Traslado Privado desde el Aeropuerto de Essaouira a Marrakech para 4 personas, 3 maletas, con Meet &amp; Servicio de bienvenida desde solo 60 \u20ac,<span style=\"color: #333300;\">\u00a1Actualizaci\u00f3n a coches\u00a0para reservas de ida y vuelta GRATIS! <\/span><\/p>\n<p><span style=\"color: #333300;\">\u00a0 \u00a0<\/span><span style=\"color: #333300;\"><span style=\"color: #ff9900;\"><strong><a href=\"https: \/\/taxis-morocco.com\/\">Reserva online<\/a><\/strong><\/span><\/span><\/p>\n<p>&nbsp;<\/p>\n<h5><strong>Traslados desde los aeropuertos de Marrakech a Essaouira desde 60\u20ac \u00a0\u00a0<\/strong><\/h5>\n<p>Te recogeremos en tu hotel, residencia, oficinas de empresa, restaurantes, salida de eventos o cualquier otro lugar que nos indiques y te llevaremos al aeropuerto al que vueles, en el tipo de veh\u00edculo que decidas en la ocasi\u00f3n. Viajes individuales con conductores confiables. El servicio de transfer es una de nuestras especialidades m\u00e1s elegidas.<\/p>\n<p><span style=\"color: #ff9900;\"><strong><a style=\"color: #ff9900;\" title=\"Taxi Marrakech Essaouira\" href=\"https:\/\/taxis-morocco.com\/\">Reserva online<\/a><\/strong><\/span><\/p>\n<p>&nbsp;<\/p>\n<h5><strong>Disfruta de todas las ventajas de nuestro servicio de taxi:<\/strong><\/h5>\n<ul>\n<li>Te recogeremos a la hora acordada, nunca tendr\u00e1s que esperar un <a href=\"https:\/\/taxis-morocco.com\/es\/\">taxi<\/a>.<\/li>\n<li>Precio sin sorpresas. Sepa de antemano cu\u00e1nto le costar\u00e1.<\/li>\n<li>Pago seguro. No tienes que pagarle al conductor, tu reserva ya ha sido pagada c\u00f3modamente con tarjeta de cr\u00e9dito o PayPal.<\/li>\n<li>Transporte garantizado seg\u00fan tus necesidades (material deportivo, equipaje adicional, transporte adaptado&#8230;).<\/li>\n<li>Veh\u00edculos est\u00e1ndar y Premium.<\/li>\n<li>Coches para 3 y 4 pasajeros, est\u00e1ndar y premium.<\/li>\n<li>Monovolumenes de 6, 7 y 8 pasajeros, est\u00e1ndar y premium.<\/li>\n<li>Minibuses de 12, 18 y 24 personas.<\/li>\n<\/ul>\n<p><span style=\"color: #ff9900;\"><strong><a style=\"color: #ff9900;\" href=\"https:\/\/taxis-morocco.com\/\">Reserve en l\u00ednea<\/a><\/strong><\/span><\/p>\n<p>&nbsp;<\/p>\n<h5><strong>\u00a1Reserva f\u00e1cil!<\/strong><\/h5>\n<p><a href=\"https:\/\/taxis-morocco.com\/wp-content\/uploads\/2016\/11\/Captfffure.png\"><img loading=\"lazy\" decoding=\"async\" class=\"wp-image-161 alignnone\" src=\"https:\/\/taxis-morocco.com\/wp-content\/uploads\/2016\/11\/Captfffure.png\" alt=\"captfffure\" width=\"28\" height=\"26\" data-wp-editing=\"1\" \/><\/a>\u00a0 \u00a0 Ingrese sus direcciones de recogida y destino o selecci\u00f3nelas la lista.<\/p>\n<p><a href=\"https:\/\/taxis-morocco.com\/wp-content\/uploads\/2016\/11\/Capeeeture.png\"><img loading=\"lazy\" decoding=\"async\" class=\"wp-image-162 alignnone\" src=\"https:\/\/taxis-morocco.com\/wp-content\/uploads\/2016\/11\/Capeeeture.png\" alt=\"Taxi marrakech\" width=\"27\" height=\"27\" \/><\/a>\u00a0 \u00a0 Conozca el precio exacto Cualquiera que sea el objetivo .<\/p>\n<p><a href=\"https:\/\/taxis-morocco.com\/wp-content\/uploads\/2016\/11\/d.png\"><img loading=\"lazy\" decoding=\"async\" class=\"wp-image-163 alignnone\" src=\"https:\/\/taxis-morocco.com\/wp-content\/uploads\/2016\/11\/d.png\" alt=\"d\" width=\"28\" height=\"21\" \/> <\/a>\u00a0 \u00a0\u00a1Paga de forma segura con tarjeta de cr\u00e9dito o Pay Pal y tu transferencia se confirmar\u00e1 autom\u00e1ticamente!<\/p>\n<p><span style=\"color: #333300;\">\u00a0<\/span><span style=\"color: #333300;\"><span style=\"color: #ff9900;\"><strong><a href=\"https: \/\/taxis-morocco.com\/\">Reserva online<\/a><\/strong><\/span><\/span><\/p>\n<p>&nbsp;<\/p>\n<h5>Solicitar oferta v\u00eda SMS<\/h5>\n<p>Especifique d\u00eda, hora, lugar de recogida y destino mediante SMS<\/p>\n<h5>\u00a0+212635002900<\/h5>\n<div><strong>Perdido y encontrado<\/strong><\/div>\n<div>Si accidentalmente deja un art\u00edculo personal en el taxi, llame a Lost &amp; Servicio encontrado.<\/div>\n<div><strong>Llame al +212635002900 de lunes a viernes de 8:00 a. m. a 8:00 p. m. o env\u00ede un correo electr\u00f3nico a <a href=\"mailto:contact@taxis-morocco.com\">contact @taxis-morocco. es<\/a><\/strong><\/div>\n<p>[\/vc_column_text][\/vc_column][\/vc_row]<\/p>\n<\/div>","protected":false},"excerpt":{"rendered":"<p>[vc_row][vc_column][vc_column_text css=\u00bb\u00bb] RESERVAR TAXI ESSAOUIRA A MARRAKECH \u00a0\u00bfNecesitas un taxi en Essaouira a Marrakech? Aeropuerto de Essaouira a Marrakech\u00a0(todas las zonas) desde 60 \u20ac \u00a0 &nbsp; \u00danase a nuestra oferta limitada: Traslado Privado desde el Aeropuerto de Essaouira a Marrakech para 4 personas, 3 maletas, con Meet &amp; Servicio de bienvenida desde solo 60 \u20ac,\u00a1Actualizaci\u00f3n [&hellip;]<\/p>\n","protected":false},"author":1,"featured_media":1598,"parent":0,"menu_order":0,"comment_status":"closed","ping_status":"closed","template":"home-page.php","meta":{"_joinchat":[],"footnotes":""},"class_list":["post-9908","page","type-page","status-publish","has-post-thumbnail","hentry"],"yoast_head":"<!-- This site is optimized with the Yoast SEO plugin v27.4 - https:\/\/yoast.com\/product\/yoast-seo-wordpress\/ -->\n<title>Taxi Essaouira Marrakech Ciudad o Aeropuerto Solo 50\u20ac - MG Taxis Morocco<\/title>\n<meta name=\"robots\" content=\"index, follow, max-snippet:-1, max-image-preview:large, max-video-preview:-1\" \/>\n<link rel=\"canonical\" href=\"https:\/\/taxis-morocco.com\/es\/taxi-essaouira-marrakech-ciudad-o-aeropuerto-solo-50e\/\" \/>\n<meta property=\"og:locale\" content=\"es_ES\" \/>\n<meta property=\"og:type\" content=\"article\" \/>\n<meta property=\"og:title\" content=\"Taxi Essaouira Marrakech Ciudad o Aeropuerto Solo 50\u20ac - MG Taxis Morocco\" \/>\n<meta property=\"og:description\" content=\"[vc_row][vc_column][vc_column_text css=\u00bb\u00bb] RESERVAR TAXI ESSAOUIRA A MARRAKECH \u00a0\u00bfNecesitas un taxi en Essaouira a Marrakech? Aeropuerto de Essaouira a Marrakech\u00a0(todas las zonas) desde 60 \u20ac \u00a0 &nbsp; \u00danase a nuestra oferta limitada: Traslado Privado desde el Aeropuerto de Essaouira a Marrakech para 4 personas, 3 maletas, con Meet &amp; Servicio de bienvenida desde solo 60 \u20ac,\u00a1Actualizaci\u00f3n [&hellip;]\" \/>\n<meta property=\"og:url\" content=\"https:\/\/taxis-morocco.com\/es\/taxi-essaouira-marrakech-ciudad-o-aeropuerto-solo-50e\/\" \/>\n<meta property=\"og:site_name\" content=\"MG Taxis Morocco\" \/>\n<meta property=\"article:publisher\" content=\"https:\/\/www.facebook.com\/taxismorocco\/\" \/>\n<meta property=\"article:modified_time\" content=\"2024-05-20T19:36:36+00:00\" \/>\n<meta property=\"og:image\" content=\"https:\/\/taxis-morocco.com\/wp-content\/uploads\/2018\/08\/taxis-morocco.com_.jpg\" \/>\n\t<meta property=\"og:image:width\" content=\"1024\" \/>\n\t<meta property=\"og:image:height\" content=\"576\" \/>\n\t<meta property=\"og:image:type\" content=\"image\/jpeg\" \/>\n<meta name=\"twitter:card\" content=\"summary_large_image\" \/>\n<meta name=\"twitter:site\" content=\"@TaxisMorocco\" \/>\n<meta name=\"twitter:label1\" content=\"Tiempo de lectura\" \/>\n\t<meta name=\"twitter:data1\" content=\"3 minutos\" \/>\n<script type=\"application\/ld+json\" class=\"yoast-schema-graph\">{\"@context\":\"https:\\\/\\\/schema.org\",\"@graph\":[{\"@type\":\"WebPage\",\"@id\":\"https:\\\/\\\/taxis-morocco.com\\\/es\\\/taxi-essaouira-marrakech-ciudad-o-aeropuerto-solo-50e\\\/\",\"url\":\"https:\\\/\\\/taxis-morocco.com\\\/es\\\/taxi-essaouira-marrakech-ciudad-o-aeropuerto-solo-50e\\\/\",\"name\":\"Taxi Essaouira Marrakech Ciudad o Aeropuerto Solo 50\u20ac - MG Taxis Morocco\",\"isPartOf\":{\"@id\":\"https:\\\/\\\/taxis-morocco.com\\\/#website\"},\"primaryImageOfPage\":{\"@id\":\"https:\\\/\\\/taxis-morocco.com\\\/es\\\/taxi-essaouira-marrakech-ciudad-o-aeropuerto-solo-50e\\\/#primaryimage\"},\"image\":{\"@id\":\"https:\\\/\\\/taxis-morocco.com\\\/es\\\/taxi-essaouira-marrakech-ciudad-o-aeropuerto-solo-50e\\\/#primaryimage\"},\"thumbnailUrl\":\"https:\\\/\\\/taxis-morocco.com\\\/wp-content\\\/uploads\\\/2018\\\/08\\\/taxis-morocco.com_.jpg\",\"datePublished\":\"2016-09-23T10:36:07+00:00\",\"dateModified\":\"2024-05-20T19:36:36+00:00\",\"breadcrumb\":{\"@id\":\"https:\\\/\\\/taxis-morocco.com\\\/es\\\/taxi-essaouira-marrakech-ciudad-o-aeropuerto-solo-50e\\\/#breadcrumb\"},\"inLanguage\":\"es\",\"potentialAction\":[{\"@type\":\"ReadAction\",\"target\":[\"https:\\\/\\\/taxis-morocco.com\\\/es\\\/taxi-essaouira-marrakech-ciudad-o-aeropuerto-solo-50e\\\/\"]}]},{\"@type\":\"ImageObject\",\"inLanguage\":\"es\",\"@id\":\"https:\\\/\\\/taxis-morocco.com\\\/es\\\/taxi-essaouira-marrakech-ciudad-o-aeropuerto-solo-50e\\\/#primaryimage\",\"url\":\"https:\\\/\\\/taxis-morocco.com\\\/wp-content\\\/uploads\\\/2018\\\/08\\\/taxis-morocco.com_.jpg\",\"contentUrl\":\"https:\\\/\\\/taxis-morocco.com\\\/wp-content\\\/uploads\\\/2018\\\/08\\\/taxis-morocco.com_.jpg\",\"width\":1024,\"height\":576,\"caption\":\"transfer marrakech casablanca\"},{\"@type\":\"BreadcrumbList\",\"@id\":\"https:\\\/\\\/taxis-morocco.com\\\/es\\\/taxi-essaouira-marrakech-ciudad-o-aeropuerto-solo-50e\\\/#breadcrumb\",\"itemListElement\":[{\"@type\":\"ListItem\",\"position\":1,\"name\":\"Home\",\"item\":\"https:\\\/\\\/taxis-morocco.com\\\/es\\\/\"},{\"@type\":\"ListItem\",\"position\":2,\"name\":\"Taxi Essaouira Marrakech Ciudad o Aeropuerto Solo 50\u20ac\"}]},{\"@type\":\"WebSite\",\"@id\":\"https:\\\/\\\/taxis-morocco.com\\\/#website\",\"url\":\"https:\\\/\\\/taxis-morocco.com\\\/\",\"name\":\"MG Taxis Morocco\",\"description\":\"Airport Taxi transfer In casablanca , essaouira , marrakech, agadir\",\"publisher\":{\"@id\":\"https:\\\/\\\/taxis-morocco.com\\\/#organization\"},\"potentialAction\":[{\"@type\":\"SearchAction\",\"target\":{\"@type\":\"EntryPoint\",\"urlTemplate\":\"https:\\\/\\\/taxis-morocco.com\\\/?s={search_term_string}\"},\"query-input\":{\"@type\":\"PropertyValueSpecification\",\"valueRequired\":true,\"valueName\":\"search_term_string\"}}],\"inLanguage\":\"es\"},{\"@type\":\"Organization\",\"@id\":\"https:\\\/\\\/taxis-morocco.com\\\/#organization\",\"name\":\"MG taxis morocco\",\"url\":\"https:\\\/\\\/taxis-morocco.com\\\/\",\"logo\":{\"@type\":\"ImageObject\",\"inLanguage\":\"es\",\"@id\":\"https:\\\/\\\/taxis-morocco.com\\\/#\\\/schema\\\/logo\\\/image\\\/\",\"url\":\"https:\\\/\\\/taxis-morocco.com\\\/wp-content\\\/uploads\\\/2018\\\/12\\\/mg-taxis-morocco-favicon-1.ico\",\"contentUrl\":\"https:\\\/\\\/taxis-morocco.com\\\/wp-content\\\/uploads\\\/2018\\\/12\\\/mg-taxis-morocco-favicon-1.ico\",\"width\":1,\"height\":1,\"caption\":\"MG taxis morocco\"},\"image\":{\"@id\":\"https:\\\/\\\/taxis-morocco.com\\\/#\\\/schema\\\/logo\\\/image\\\/\"},\"sameAs\":[\"https:\\\/\\\/www.facebook.com\\\/taxismorocco\\\/\",\"https:\\\/\\\/x.com\\\/TaxisMorocco\",\"https:\\\/\\\/www.linkedin.com\\\/in\\\/taxis-morocco-b98003150\\\/\",\"https:\\\/\\\/myspace.com\\\/mgtaxismorocco\",\"https:\\\/\\\/www.youtube.com\\\/channel\\\/UCoK9u6DViQZ56LbmjdEIFZw\"]}]}<\/script>\n<!-- \/ Yoast SEO plugin. -->","yoast_head_json":{"title":"Taxi Essaouira Marrakech Ciudad o Aeropuerto Solo 50\u20ac - MG Taxis Morocco","robots":{"index":"index","follow":"follow","max-snippet":"max-snippet:-1","max-image-preview":"max-image-preview:large","max-video-preview":"max-video-preview:-1"},"canonical":"https:\/\/taxis-morocco.com\/es\/taxi-essaouira-marrakech-ciudad-o-aeropuerto-solo-50e\/","og_locale":"es_ES","og_type":"article","og_title":"Taxi Essaouira Marrakech Ciudad o Aeropuerto Solo 50\u20ac - MG Taxis Morocco","og_description":"[vc_row][vc_column][vc_column_text css=\u00bb\u00bb] RESERVAR TAXI ESSAOUIRA A MARRAKECH \u00a0\u00bfNecesitas un taxi en Essaouira a Marrakech? Aeropuerto de Essaouira a Marrakech\u00a0(todas las zonas) desde 60 \u20ac \u00a0 &nbsp; \u00danase a nuestra oferta limitada: Traslado Privado desde el Aeropuerto de Essaouira a Marrakech para 4 personas, 3 maletas, con Meet &amp; Servicio de bienvenida desde solo 60 \u20ac,\u00a1Actualizaci\u00f3n [&hellip;]","og_url":"https:\/\/taxis-morocco.com\/es\/taxi-essaouira-marrakech-ciudad-o-aeropuerto-solo-50e\/","og_site_name":"MG Taxis Morocco","article_publisher":"https:\/\/www.facebook.com\/taxismorocco\/","article_modified_time":"2024-05-20T19:36:36+00:00","og_image":[{"width":1024,"height":576,"url":"https:\/\/taxis-morocco.com\/wp-content\/uploads\/2018\/08\/taxis-morocco.com_.jpg","type":"image\/jpeg"}],"twitter_card":"summary_large_image","twitter_site":"@TaxisMorocco","twitter_misc":{"Tiempo de lectura":"3 minutos"},"schema":{"@context":"https:\/\/schema.org","@graph":[{"@type":"WebPage","@id":"https:\/\/taxis-morocco.com\/es\/taxi-essaouira-marrakech-ciudad-o-aeropuerto-solo-50e\/","url":"https:\/\/taxis-morocco.com\/es\/taxi-essaouira-marrakech-ciudad-o-aeropuerto-solo-50e\/","name":"Taxi Essaouira Marrakech Ciudad o Aeropuerto Solo 50\u20ac - MG Taxis Morocco","isPartOf":{"@id":"https:\/\/taxis-morocco.com\/#website"},"primaryImageOfPage":{"@id":"https:\/\/taxis-morocco.com\/es\/taxi-essaouira-marrakech-ciudad-o-aeropuerto-solo-50e\/#primaryimage"},"image":{"@id":"https:\/\/taxis-morocco.com\/es\/taxi-essaouira-marrakech-ciudad-o-aeropuerto-solo-50e\/#primaryimage"},"thumbnailUrl":"https:\/\/taxis-morocco.com\/wp-content\/uploads\/2018\/08\/taxis-morocco.com_.jpg","datePublished":"2016-09-23T10:36:07+00:00","dateModified":"2024-05-20T19:36:36+00:00","breadcrumb":{"@id":"https:\/\/taxis-morocco.com\/es\/taxi-essaouira-marrakech-ciudad-o-aeropuerto-solo-50e\/#breadcrumb"},"inLanguage":"es","potentialAction":[{"@type":"ReadAction","target":["https:\/\/taxis-morocco.com\/es\/taxi-essaouira-marrakech-ciudad-o-aeropuerto-solo-50e\/"]}]},{"@type":"ImageObject","inLanguage":"es","@id":"https:\/\/taxis-morocco.com\/es\/taxi-essaouira-marrakech-ciudad-o-aeropuerto-solo-50e\/#primaryimage","url":"https:\/\/taxis-morocco.com\/wp-content\/uploads\/2018\/08\/taxis-morocco.com_.jpg","contentUrl":"https:\/\/taxis-morocco.com\/wp-content\/uploads\/2018\/08\/taxis-morocco.com_.jpg","width":1024,"height":576,"caption":"transfer marrakech casablanca"},{"@type":"BreadcrumbList","@id":"https:\/\/taxis-morocco.com\/es\/taxi-essaouira-marrakech-ciudad-o-aeropuerto-solo-50e\/#breadcrumb","itemListElement":[{"@type":"ListItem","position":1,"name":"Home","item":"https:\/\/taxis-morocco.com\/es\/"},{"@type":"ListItem","position":2,"name":"Taxi Essaouira Marrakech Ciudad o Aeropuerto Solo 50\u20ac"}]},{"@type":"WebSite","@id":"https:\/\/taxis-morocco.com\/#website","url":"https:\/\/taxis-morocco.com\/","name":"MG Taxis Morocco","description":"Airport Taxi transfer In casablanca , essaouira , marrakech, agadir","publisher":{"@id":"https:\/\/taxis-morocco.com\/#organization"},"potentialAction":[{"@type":"SearchAction","target":{"@type":"EntryPoint","urlTemplate":"https:\/\/taxis-morocco.com\/?s={search_term_string}"},"query-input":{"@type":"PropertyValueSpecification","valueRequired":true,"valueName":"search_term_string"}}],"inLanguage":"es"},{"@type":"Organization","@id":"https:\/\/taxis-morocco.com\/#organization","name":"MG taxis morocco","url":"https:\/\/taxis-morocco.com\/","logo":{"@type":"ImageObject","inLanguage":"es","@id":"https:\/\/taxis-morocco.com\/#\/schema\/logo\/image\/","url":"https:\/\/taxis-morocco.com\/wp-content\/uploads\/2018\/12\/mg-taxis-morocco-favicon-1.ico","contentUrl":"https:\/\/taxis-morocco.com\/wp-content\/uploads\/2018\/12\/mg-taxis-morocco-favicon-1.ico","width":1,"height":1,"caption":"MG taxis morocco"},"image":{"@id":"https:\/\/taxis-morocco.com\/#\/schema\/logo\/image\/"},"sameAs":["https:\/\/www.facebook.com\/taxismorocco\/","https:\/\/x.com\/TaxisMorocco","https:\/\/www.linkedin.com\/in\/taxis-morocco-b98003150\/","https:\/\/myspace.com\/mgtaxismorocco","https:\/\/www.youtube.com\/channel\/UCoK9u6DViQZ56LbmjdEIFZw"]}]}},"_links":{"self":[{"href":"https:\/\/taxis-morocco.com\/es\/wp-json\/wp\/v2\/pages\/9908","targetHints":{"allow":["GET"]}}],"collection":[{"href":"https:\/\/taxis-morocco.com\/es\/wp-json\/wp\/v2\/pages"}],"about":[{"href":"https:\/\/taxis-morocco.com\/es\/wp-json\/wp\/v2\/types\/page"}],"author":[{"embeddable":true,"href":"https:\/\/taxis-morocco.com\/es\/wp-json\/wp\/v2\/users\/1"}],"replies":[{"embeddable":true,"href":"https:\/\/taxis-morocco.com\/es\/wp-json\/wp\/v2\/comments?post=9908"}],"version-history":[{"count":0,"href":"https:\/\/taxis-morocco.com\/es\/wp-json\/wp\/v2\/pages\/9908\/revisions"}],"wp:featuredmedia":[{"embeddable":true,"href":"https:\/\/taxis-morocco.com\/es\/wp-json\/wp\/v2\/media\/1598"}],"wp:attachment":[{"href":"https:\/\/taxis-morocco.com\/es\/wp-json\/wp\/v2\/media?parent=9908"}],"curies":[{"name":"wp","href":"https:\/\/api.w.org\/{rel}","templated":true}]}}